{"id":43863,"date":"2025-11-24T09:55:47","date_gmt":"2025-11-24T09:55:47","guid":{"rendered":"https:\/\/istanbuleuropeanclinic.com\/pre-op-leitfaden\/"},"modified":"2026-02-16T14:19:49","modified_gmt":"2026-02-16T14:19:49","slug":"leitfaden-vor-der-operation","status":"publish","type":"page","link":"https:\/\/istanbuleuropeanclinic.com\/de\/leitfaden-vor-der-operation\/","title":{"rendered":"Pre-Op Guides"},"content":{"rendered":"\t\t<div data-elementor-type=\"wp-page\" data-elementor-id=\"43863\" class=\"elementor elementor-43863 elementor-40932\" data-elementor-post-type=\"page\">\n\t\t\t\t<div class=\"elementor-element elementor-element-1dead8c e-flex e-con-boxed cmsmasters-bg-hide-none cmsmasters-bg-hide-none cmsmasters-block-default e-con e-parent\" data-id=\"1dead8c\" data-element_type=\"container\" data-e-type=\"container\" data-settings=\"{&quot;background_background&quot;:&quot;classic&quot;}\">\n\t\t\t\t\t<div class=\"e-con-inner\">\n\t\t\t\t<div class=\"elementor-element elementor-element-11784a3 elementor-widget__width-initial cmsmasters-block-default cmsmasters-sticky-default elementor-invisible elementor-widget elementor-widget-heading\" data-id=\"11784a3\" data-element_type=\"widget\" data-e-type=\"widget\" data-settings=\"{&quot;_animation&quot;:&quot;cmsmasters-fade-in-up&quot;}\" data-widget_type=\"heading.default\">\n\t\t\t\t<div class=\"elementor-widget-container\">\n\t\t\t\t\t<h1 class=\"elementor-heading-title elementor-size-default\">Leitfaden Betrieb<\/h1>\t\t\t\t<\/div>\n\t\t\t\t<\/div>\n\t\t\t\t<div class=\"elementor-element elementor-element-933ce93 elementor-widget__width-initial elementor-widget-tablet__width-initial cmsmasters-block-default cmsmasters-sticky-default elementor-invisible elementor-widget elementor-widget-text-editor\" data-id=\"933ce93\" data-element_type=\"widget\" data-e-type=\"widget\" data-settings=\"{&quot;_animation&quot;:&quot;cmsmasters-fade-in-up&quot;,&quot;_animation_delay&quot;:200}\" data-widget_type=\"text-editor.default\">\n\t\t\t\t<div class=\"elementor-widget-container\">\n\t\t\t\t\t\t\t\t\t<p>Unsere Beratung geht weit \u00fcber das Verfahren selbst hinaus. Wir stellen Ihnen einen klaren, schrittweisen Leitfaden zur Verf\u00fcgung, der Ihnen hilft, den gesamten chirurgischen Prozess zu verstehen &#8211; von der Vorbereitung und dem, was Sie am Tag der Operation erwartet, bis hin zur Genesung und Nachsorge &#8211; damit Sie sich in jeder Phase informiert, sicher und unterst\u00fctzt f\u00fchlen.<\/p>\t\t\t\t\t\t\t\t<\/div>\n\t\t\t\t<\/div>\n\t\t\t\t\t<\/div>\n\t\t\t\t<\/div>\n\t\t<div class=\"elementor-element elementor-element-b16a047 e-flex e-con-boxed cmsmasters-block-default e-con e-parent\" data-id=\"b16a047\" data-element_type=\"container\" data-e-type=\"container\">\n\t\t\t\t\t<div class=\"e-con-inner\">\n\t\t\t\t<div class=\"elementor-element elementor-element-e2bf295 cmsmasters-blog--layout-custom elementor-widget-mobile__width-inherit animated-slow cmsmasters-blog-grid-marker__marker-icon cmsmasters-block-default cmsmasters-sticky-default elementor-invisible elementor-widget elementor-widget-cmsmasters-blog-grid elementor-widget-cmsmasters-blog-similar\" data-id=\"e2bf295\" data-element_type=\"widget\" data-e-type=\"widget\" data-settings=\"{&quot;blog_layout&quot;:&quot;custom&quot;,&quot;blog_template_id&quot;:&quot;41171&quot;,&quot;columns_tablet&quot;:&quot;2&quot;,&quot;post_gap_column&quot;:{&quot;unit&quot;:&quot;px&quot;,&quot;size&quot;:30,&quot;sizes&quot;:[]},&quot;post_gap_row&quot;:{&quot;unit&quot;:&quot;px&quot;,&quot;size&quot;:30,&quot;sizes&quot;:[]},&quot;blog_post_type&quot;:&quot;procedure&quot;,&quot;_animation&quot;:&quot;cmsmasters-fade-in&quot;,&quot;columns&quot;:3,&quot;columns_mobile&quot;:&quot;1&quot;,&quot;query_control_prefix&quot;:&quot;blog&quot;,&quot;post_gap_column_widescreen&quot;:{&quot;unit&quot;:&quot;px&quot;,&quot;size&quot;:&quot;&quot;,&quot;sizes&quot;:[]},&quot;post_gap_column_tablet&quot;:{&quot;unit&quot;:&quot;px&quot;,&quot;size&quot;:&quot;&quot;,&quot;sizes&quot;:[]},&quot;post_gap_row_widescreen&quot;:{&quot;unit&quot;:&quot;px&quot;,&quot;size&quot;:&quot;&quot;,&quot;sizes&quot;:[]},&quot;post_gap_row_tablet&quot;:{&quot;unit&quot;:&quot;px&quot;,&quot;size&quot;:&quot;&quot;,&quot;sizes&quot;:[]},&quot;post_gap_row_mobile&quot;:{&quot;unit&quot;:&quot;px&quot;,&quot;size&quot;:&quot;&quot;,&quot;sizes&quot;:[]}}\" data-widget_type=\"cmsmasters-blog-grid.default\" data-document-id=\"43863\">\n\t\t\t\t<div class=\"elementor-widget-container\">\n\t\t\t\t\t<div class=\"cmsmasters-blog cmsmasters-blog-grid cmsmasters-blog--type-default\"><div class=\"cmsmasters-blog__posts-variable\"><div class=\"cmsmasters-blog__posts-wrap\"><div class=\"cmsmasters-blog__posts\"><article id=\"post-44331\" class=\"cmsmasters-blog__post post-44331 procedure type-procedure status-publish has-post-thumbnail hentry procedure_categories-gliedmasenverlangerungsoperation-patient\"><div class=\"cmsmasters-blog__post-inner\"><style>.post-44331 .elementor-element.elementor-element-2d253f8:not(.elementor-motion-effects-element-type-background):not(.cmsmasters-bg-effect), .post-44331 .elementor-element.elementor-element-2d253f8 > .elementor-motion-effects-container > .elementor-motion-effects-layer, .post-44331 .elementor-element.elementor-element-2d253f8 > .cmsmasters-bg-effects-container > .cmsmasters-bg-effects-element{background-image:url(\"https:\/\/istanbuleuropeanclinic.com\/wp-content\/uploads\/2023\/05\/Brazilian-Butt.png\");}<\/style><div data-elementor-type=\"cmsmasters_entry\" data-elementor-id=\"44533\" class=\"elementor elementor-44533 elementor-41171\" data-elementor-post-type=\"elementor_library\">\t\t\t<div class=\"elementor-inner\">\r\n\t\t\t\t<div class=\"elementor-section-wrap\">\r\n\t\t\t\t\t<a class=\"elementor-element elementor-element-2d253f8 e-con-full e-flex cmsmasters-bg-hide-none cmsmasters-bg-hide-none cmsmasters-block-default e-con e-parent\" data-id=\"2d253f8\" data-element_type=\"container\" data-e-type=\"container\" data-settings=\"{&quot;background_background&quot;:&quot;classic&quot;}\" href=\"https:\/\/istanbuleuropeanclinic.com\/de\/operation-zur-verlaengerung-der-gliedmassen-patientenleitfaden\/\">\n\t\t\t\t<div class=\"elementor-element elementor-element-86aea34 cmsmasters-line-clamp-no cmsmasters-color-variation-default cmsmasters-pointer-none cmsmasters-block-default cmsmasters-sticky-default elementor-widget elementor-widget-cmsmasters-post-title cmsmasters-widget-title\" data-id=\"86aea34\" data-element_type=\"widget\" data-e-type=\"widget\" data-widget_type=\"cmsmasters-post-title.default\">\n\t\t\t\t<div class=\"elementor-widget-container\">\n\t\t\t\t\t<h2 class=\"entry-title cmsmasters-widget-title__heading \">Leitfaden f\u00fcr Patienten \u2013 Beinverl\u00e4ngerungsoperation<\/h2>\t\t\t\t<\/div>\n\t\t\t\t<\/div>\n\t\t\t\t<\/a>\n\t\t\t\t\t\t<\/div>\r\n\t\t\t<\/div>\r\n\t\t<\/div><\/div><\/article><article id=\"post-44324\" class=\"cmsmasters-blog__post post-44324 procedure type-procedure status-publish has-post-thumbnail hentry procedure_categories-haartransplantation-patient\"><div class=\"cmsmasters-blog__post-inner\"><style>.post-44324 .elementor-element.elementor-element-2d253f8:not(.elementor-motion-effects-element-type-background):not(.cmsmasters-bg-effect), .post-44324 .elementor-element.elementor-element-2d253f8 > .elementor-motion-effects-container > .elementor-motion-effects-layer, .post-44324 .elementor-element.elementor-element-2d253f8 > .cmsmasters-bg-effects-container > .cmsmasters-bg-effects-element{background-image:url(\"https:\/\/istanbuleuropeanclinic.com\/wp-content\/uploads\/2023\/05\/FUE-Hair-Transplant.png\");}<\/style><div data-elementor-type=\"cmsmasters_entry\" data-elementor-id=\"44533\" class=\"elementor elementor-44533 elementor-41171\" data-elementor-post-type=\"elementor_library\">\t\t\t<div class=\"elementor-inner\">\r\n\t\t\t\t<div class=\"elementor-section-wrap\">\r\n\t\t\t\t\t<a class=\"elementor-element elementor-element-2d253f8 e-con-full e-flex cmsmasters-bg-hide-none cmsmasters-bg-hide-none cmsmasters-block-default e-con e-parent\" data-id=\"2d253f8\" data-element_type=\"container\" data-e-type=\"container\" data-settings=\"{&quot;background_background&quot;:&quot;classic&quot;}\" href=\"https:\/\/istanbuleuropeanclinic.com\/de\/haartransplantation-patientenleitfaden\/\">\n\t\t\t\t<div class=\"elementor-element elementor-element-86aea34 cmsmasters-line-clamp-no cmsmasters-color-variation-default cmsmasters-pointer-none cmsmasters-block-default cmsmasters-sticky-default elementor-widget elementor-widget-cmsmasters-post-title cmsmasters-widget-title\" data-id=\"86aea34\" data-element_type=\"widget\" data-e-type=\"widget\" data-widget_type=\"cmsmasters-post-title.default\">\n\t\t\t\t<div class=\"elementor-widget-container\">\n\t\t\t\t\t<h2 class=\"entry-title cmsmasters-widget-title__heading \">Haartransplantation Patientenleitfaden<\/h2>\t\t\t\t<\/div>\n\t\t\t\t<\/div>\n\t\t\t\t<\/a>\n\t\t\t\t\t\t<\/div>\r\n\t\t\t<\/div>\r\n\t\t<\/div><\/div><\/article><article id=\"post-44289\" class=\"cmsmasters-blog__post post-44289 procedure type-procedure status-publish has-post-thumbnail hentry procedure_categories-plastische-chirurgie-patient\"><div class=\"cmsmasters-blog__post-inner\"><style>.post-44289 .elementor-element.elementor-element-2d253f8:not(.elementor-motion-effects-element-type-background):not(.cmsmasters-bg-effect), .post-44289 .elementor-element.elementor-element-2d253f8 > .elementor-motion-effects-container > .elementor-motion-effects-layer, .post-44289 .elementor-element.elementor-element-2d253f8 > .cmsmasters-bg-effects-container > .cmsmasters-bg-effects-element{background-image:url(\"https:\/\/istanbuleuropeanclinic.com\/wp-content\/uploads\/2023\/05\/RinO1.png\");}<\/style><div data-elementor-type=\"cmsmasters_entry\" data-elementor-id=\"44533\" class=\"elementor elementor-44533 elementor-41171\" data-elementor-post-type=\"elementor_library\">\t\t\t<div class=\"elementor-inner\">\r\n\t\t\t\t<div class=\"elementor-section-wrap\">\r\n\t\t\t\t\t<a class=\"elementor-element elementor-element-2d253f8 e-con-full e-flex cmsmasters-bg-hide-none cmsmasters-bg-hide-none cmsmasters-block-default e-con e-parent\" data-id=\"2d253f8\" data-element_type=\"container\" data-e-type=\"container\" data-settings=\"{&quot;background_background&quot;:&quot;classic&quot;}\" href=\"https:\/\/istanbuleuropeanclinic.com\/de\/leitfaden-fuer-patienten-der-plastischen-chirurgie\/\">\n\t\t\t\t<div class=\"elementor-element elementor-element-86aea34 cmsmasters-line-clamp-no cmsmasters-color-variation-default cmsmasters-pointer-none cmsmasters-block-default cmsmasters-sticky-default elementor-widget elementor-widget-cmsmasters-post-title cmsmasters-widget-title\" data-id=\"86aea34\" data-element_type=\"widget\" data-e-type=\"widget\" data-widget_type=\"cmsmasters-post-title.default\">\n\t\t\t\t<div class=\"elementor-widget-container\">\n\t\t\t\t\t<h2 class=\"entry-title cmsmasters-widget-title__heading \">Leitfaden f\u00fcr Patienten der plastischen Chirurgie<\/h2>\t\t\t\t<\/div>\n\t\t\t\t<\/div>\n\t\t\t\t<\/a>\n\t\t\t\t\t\t<\/div>\r\n\t\t\t<\/div>\r\n\t\t<\/div><\/div><\/article><article id=\"post-44283\" class=\"cmsmasters-blog__post post-44283 procedure type-procedure status-publish has-post-thumbnail hentry procedure_categories-patient-fur-bariatrische-chirurgie\"><div class=\"cmsmasters-blog__post-inner\"><style>.post-44283 .elementor-element.elementor-element-2d253f8:not(.elementor-motion-effects-element-type-background):not(.cmsmasters-bg-effect), .post-44283 .elementor-element.elementor-element-2d253f8 > .elementor-motion-effects-container > .elementor-motion-effects-layer, .post-44283 .elementor-element.elementor-element-2d253f8 > .cmsmasters-bg-effects-container > .cmsmasters-bg-effects-element{background-image:url(\"https:\/\/istanbuleuropeanclinic.com\/wp-content\/uploads\/2023\/05\/Gynecomastia.png\");}<\/style><div data-elementor-type=\"cmsmasters_entry\" data-elementor-id=\"44533\" class=\"elementor elementor-44533 elementor-41171\" data-elementor-post-type=\"elementor_library\">\t\t\t<div class=\"elementor-inner\">\r\n\t\t\t\t<div class=\"elementor-section-wrap\">\r\n\t\t\t\t\t<a class=\"elementor-element elementor-element-2d253f8 e-con-full e-flex cmsmasters-bg-hide-none cmsmasters-bg-hide-none cmsmasters-block-default e-con e-parent\" data-id=\"2d253f8\" data-element_type=\"container\" data-e-type=\"container\" data-settings=\"{&quot;background_background&quot;:&quot;classic&quot;}\" href=\"https:\/\/istanbuleuropeanclinic.com\/de\/bariatrische-chirurgie-patientenleitfaden\/\">\n\t\t\t\t<div class=\"elementor-element elementor-element-86aea34 cmsmasters-line-clamp-no cmsmasters-color-variation-default cmsmasters-pointer-none cmsmasters-block-default cmsmasters-sticky-default elementor-widget elementor-widget-cmsmasters-post-title cmsmasters-widget-title\" data-id=\"86aea34\" data-element_type=\"widget\" data-e-type=\"widget\" data-widget_type=\"cmsmasters-post-title.default\">\n\t\t\t\t<div class=\"elementor-widget-container\">\n\t\t\t\t\t<h2 class=\"entry-title cmsmasters-widget-title__heading \">Bariatrische Chirurgie Patientenleitfaden<\/h2>\t\t\t\t<\/div>\n\t\t\t\t<\/div>\n\t\t\t\t<\/a>\n\t\t\t\t\t\t<\/div>\r\n\t\t\t<\/div>\r\n\t\t<\/div><\/div><\/article><article id=\"post-44276\" class=\"cmsmasters-blog__post post-44276 procedure type-procedure status-publish has-post-thumbnail hentry procedure_categories-zahnarztpraxis-patient\"><div class=\"cmsmasters-blog__post-inner\"><style>.post-44276 .elementor-element.elementor-element-2d253f8:not(.elementor-motion-effects-element-type-background):not(.cmsmasters-bg-effect), .post-44276 .elementor-element.elementor-element-2d253f8 > .elementor-motion-effects-container > .elementor-motion-effects-layer, .post-44276 .elementor-element.elementor-element-2d253f8 > .cmsmasters-bg-effects-container > .cmsmasters-bg-effects-element{background-image:url(\"https:\/\/istanbuleuropeanclinic.com\/wp-content\/uploads\/2025\/11\/1203.webp\");}<\/style><div data-elementor-type=\"cmsmasters_entry\" data-elementor-id=\"44533\" class=\"elementor elementor-44533 elementor-41171\" data-elementor-post-type=\"elementor_library\">\t\t\t<div class=\"elementor-inner\">\r\n\t\t\t\t<div class=\"elementor-section-wrap\">\r\n\t\t\t\t\t<a class=\"elementor-element elementor-element-2d253f8 e-con-full e-flex cmsmasters-bg-hide-none cmsmasters-bg-hide-none cmsmasters-block-default e-con e-parent\" data-id=\"2d253f8\" data-element_type=\"container\" data-e-type=\"container\" data-settings=\"{&quot;background_background&quot;:&quot;classic&quot;}\" href=\"https:\/\/istanbuleuropeanclinic.com\/de\/leitfaden-fuer-patienten-der-zahnarztpraxis\/\">\n\t\t\t\t<div class=\"elementor-element elementor-element-86aea34 cmsmasters-line-clamp-no cmsmasters-color-variation-default cmsmasters-pointer-none cmsmasters-block-default cmsmasters-sticky-default elementor-widget elementor-widget-cmsmasters-post-title cmsmasters-widget-title\" data-id=\"86aea34\" data-element_type=\"widget\" data-e-type=\"widget\" data-widget_type=\"cmsmasters-post-title.default\">\n\t\t\t\t<div class=\"elementor-widget-container\">\n\t\t\t\t\t<h2 class=\"entry-title cmsmasters-widget-title__heading \">Leitfaden f\u00fcr Patienten der Zahnarztpraxis<\/h2>\t\t\t\t<\/div>\n\t\t\t\t<\/div>\n\t\t\t\t<\/a>\n\t\t\t\t\t\t<\/div>\r\n\t\t\t<\/div>\r\n\t\t<\/div><\/div><\/article><\/div><\/div><\/div><\/div>\t\t\t\t<\/div>\n\t\t\t\t<\/div>\n\t\t\t\t\t<\/div>\n\t\t\t\t<\/div>\n\t\t<div class=\"elementor-element elementor-element-2a6aa20 e-flex e-con-boxed cmsmasters-block-default e-con e-parent\" data-id=\"2a6aa20\" data-element_type=\"container\" data-e-type=\"container\">\n\t\t\t\t\t<div class=\"e-con-inner\">\n\t\t<div class=\"elementor-element elementor-element-cbd2dd4 e-con-full e-flex cmsmasters-block-default elementor-invisible e-con e-child\" data-id=\"cbd2dd4\" data-element_type=\"container\" data-e-type=\"container\" data-settings=\"{&quot;animation&quot;:&quot;cmsmasters-fade-in&quot;}\">\n\t\t\t\t<div class=\"elementor-element elementor-element-c841c65 cmsmasters-block-default cmsmasters-sticky-default elementor-widget elementor-widget-image\" data-id=\"c841c65\" data-element_type=\"widget\" data-e-type=\"widget\" data-widget_type=\"image.default\">\n\t\t\t\t<div class=\"elementor-widget-container\">\n\t\t\t\t\t\t\t\t\t\t\t\t\t\t\t<img fetchpriority=\"high\" decoding=\"async\" width=\"1024\" height=\"683\" src=\"https:\/\/istanbuleuropeanclinic.com\/wp-content\/uploads\/2025\/11\/2148709162-min-1024x683.jpg\" class=\"attachment-large size-large wp-image-43866\" alt=\"Arzt bespricht medizinische Ergebnisse mit einem Patienten\" srcset=\"https:\/\/istanbuleuropeanclinic.com\/wp-content\/uploads\/2025\/11\/2148709162-min-1024x683.jpg 1024w, https:\/\/istanbuleuropeanclinic.com\/wp-content\/uploads\/2025\/11\/2148709162-min-300x200.jpg 300w, https:\/\/istanbuleuropeanclinic.com\/wp-content\/uploads\/2025\/11\/2148709162-min-450x300.jpg 450w, https:\/\/istanbuleuropeanclinic.com\/wp-content\/uploads\/2025\/11\/2148709162-min.jpg 1500w\" sizes=\"(max-width: 1024px) 100vw, 1024px\" \/>\t\t\t\t\t\t\t\t\t\t\t\t\t\t\t<\/div>\n\t\t\t\t<\/div>\n\t\t\t\t<\/div>\n\t\t<div class=\"elementor-element elementor-element-b7fcc56 e-con-full e-flex cmsmasters-block-default e-con e-child\" data-id=\"b7fcc56\" data-element_type=\"container\" data-e-type=\"container\">\n\t\t\t\t<div class=\"elementor-element elementor-element-7f6e907 cmsmasters-block-default cmsmasters-sticky-default elementor-invisible elementor-widget elementor-widget-button\" data-id=\"7f6e907\" data-element_type=\"widget\" data-e-type=\"widget\" data-settings=\"{&quot;_animation&quot;:&quot;cmsmasters-fade-in-up&quot;}\" data-widget_type=\"button.default\">\n\t\t\t\t<div class=\"elementor-widget-container\">\n\t\t\t\t\t\t\t\t\t<div class=\"elementor-button-wrapper\">\n\t\t\t\t\t<a class=\"elementor-button elementor-size-sm\" role=\"button\">\n\t\t\t\t\t\t<span class=\"elementor-button-content-wrapper\">\n\t\t\t\t\t\t\t\t\t<span class=\"elementor-button-text\">Kostenlose Konsultation<\/span>\n\t\t\t\t\t<\/span>\n\t\t\t\t\t<\/a>\n\t\t\t\t<\/div>\n\t\t\t\t\t\t\t\t<\/div>\n\t\t\t\t<\/div>\n\t\t\t\t<div class=\"elementor-element elementor-element-7bab000 cmsmasters-block-default cmsmasters-sticky-default elementor-invisible elementor-widget elementor-widget-heading\" data-id=\"7bab000\" data-element_type=\"widget\" data-e-type=\"widget\" data-settings=\"{&quot;_animation&quot;:&quot;cmsmasters-fade-in-up&quot;,&quot;_animation_delay&quot;:200}\" data-widget_type=\"heading.default\">\n\t\t\t\t<div class=\"elementor-widget-container\">\n\t\t\t\t\t<h2 class=\"elementor-heading-title elementor-size-default\">ERLEBEN SIE HERAUSRAGENDE BETREUUNG, VOM ERSTEN BESUCH AN.\n<\/h2>\t\t\t\t<\/div>\n\t\t\t\t<\/div>\n\t\t\t\t<div class=\"elementor-element elementor-element-7960356 cmsmasters-block-default cmsmasters-sticky-default elementor-invisible elementor-widget elementor-widget-text-editor\" data-id=\"7960356\" data-element_type=\"widget\" data-e-type=\"widget\" data-settings=\"{&quot;_animation&quot;:&quot;cmsmasters-fade-in-up&quot;,&quot;_animation_delay&quot;:300}\" data-widget_type=\"text-editor.default\">\n\t\t\t\t<div class=\"elementor-widget-container\">\n\t\t\t\t\t\t\t\t\t<p data-start=\"447\" data-end=\"614\">Vereinbaren Sie eine kostenlose Beratung, um ma\u00dfgeschneiderte Leistungen f\u00fcr Ihre Bed\u00fcrfnisse kennenzulernen.<\/p>\t\t\t\t\t\t\t\t<\/div>\n\t\t\t\t<\/div>\n\t\t\t\t<div class=\"elementor-element elementor-element-29e4f0a cmsmasters-block-default cmsmasters-sticky-default elementor-invisible elementor-widget elementor-widget-cmsmasters-button\" data-id=\"29e4f0a\" data-element_type=\"widget\" data-e-type=\"widget\" data-settings=\"{&quot;_animation&quot;:&quot;cmsmasters-fade-in-up&quot;,&quot;_animation_delay&quot;:400}\" data-widget_type=\"cmsmasters-button.default\">\n\t\t\t\t<div class=\"elementor-widget-container\">\n\t\t\t\t\t<div class=\"elementor-widget-cmsmasters-button__button-container\"><div class=\"elementor-widget-cmsmasters-button__button-container-inner\"><a href=\"https:\/\/istanbuleuropeanclinic.com\/de\/kontaktieren-sie-uns\/\" class=\"cmsmasters-button-link elementor-widget-cmsmasters-button__button cmsmasters-icon-view- cmsmasters-icon-shape- cmsmasters-button-size-sm\" role=\"button\" tabindex=\"0\"><span class=\"elementor-widget-cmsmasters-button__content-wrapper cmsmasters-align-icon-\"><span class=\"elementor-widget-cmsmasters-button__text\">Finden Sie mehr heraus<\/span><\/span><\/a><\/div><\/div>\t\t\t\t<\/div>\n\t\t\t\t<\/div>\n\t\t\t\t<\/div>\n\t\t\t\t\t<\/div>\n\t\t\t\t<\/div>\n\t\t<div class=\"elementor-element elementor-element-265b00c e-con-full e-flex cmsmasters-block-default e-con e-parent\" data-id=\"265b00c\" data-element_type=\"container\" data-e-type=\"container\">\n\t\t\t\t<div class=\"elementor-element elementor-element-46ef528 elementor-widget__width-inherit cmsmasters-button-mobile-align-left cmsmasters-icon-arrangement-together cmsmasters-block-default cmsmasters-sticky-default elementor-widget elementor-widget-cmsmasters-button\" data-id=\"46ef528\" data-element_type=\"widget\" data-e-type=\"widget\" data-widget_type=\"cmsmasters-button.default\">\n\t\t\t\t<div class=\"elementor-widget-container\">\n\t\t\t\t\t<div class=\"elementor-widget-cmsmasters-button__button-container\"><div class=\"elementor-widget-cmsmasters-button__button-container-inner\"><a href=\"https:\/\/www.instagram.com\/istanbuleuropeanclinic\/\" class=\"cmsmasters-button-link elementor-widget-cmsmasters-button__button cmsmasters-icon-view-default cmsmasters-icon-shape- cmsmasters-button-size-sm\" role=\"button\" tabindex=\"0\"><span class=\"elementor-widget-cmsmasters-button__content-wrapper cmsmasters-align-icon-left\"><span class=\"elementor-widget-cmsmasters-button__icon\"><i aria-hidden=\"true\" class=\"fab fa-instagram\"><\/i><\/span><span class=\"elementor-widget-cmsmasters-button__text\">Instagram @istanbuleuropeanclinic<\/span><\/span><\/a><\/div><\/div>\t\t\t\t<\/div>\n\t\t\t\t<\/div>\n\t\t<div class=\"elementor-element elementor-element-f7afbf3 e-con-full e-flex cmsmasters-block-default e-con e-child\" data-id=\"f7afbf3\" data-element_type=\"container\" data-e-type=\"container\">\n\t\t\t\t<div class=\"elementor-element elementor-element-e4b35ea cmsmasters-block-default cmsmasters-sticky-default elementor-widget elementor-widget-shortcode\" data-id=\"e4b35ea\" data-element_type=\"widget\" data-e-type=\"widget\" data-widget_type=\"shortcode.default\">\n\t\t\t\t<div class=\"elementor-widget-container\">\n\t\t\t\t\t\t\t<div class=\"elementor-shortcode\">\n<div id=\"sb_instagram\"  class=\"sbi sbi_mob_col_3 sbi_tab_col_6 sbi_col_6 sbi_width_resp sbi_palette_custom_4\"\t data-feedid=\"*4\"  data-res=\"auto\" data-cols=\"6\" data-colsmobile=\"3\" data-colstablet=\"6\" data-num=\"6\" data-nummobile=\"6\" data-item-padding=\"0\"\t data-shortcode-atts=\"{&quot;feed&quot;:&quot;4&quot;}\"  data-postid=\"44276\" data-locatornonce=\"b69a314583\" data-imageaspectratio=\"1:1\" data-sbi-flags=\"favorLocal,gdpr\">\n\t\n\t<div id=\"sbi_images\" >\n\t\t\t<\/div>\n\n\t<div id=\"sbi_load\" >\n\n\t\n\t\n<\/div>\n\t\t<span class=\"sbi_resized_image_data\" data-feed-id=\"*4\"\n\t\t  data-resized=\"[]\">\n\t<\/span>\n\t<\/div>\n\n\t<style type=\"text\/css\">\n\t\t\t\t\t\t\t\t\t\t\t\t#sb_instagram.sbi_palette_custom_4 #sbi_load .sbi_load_btn {\n\t\t\tbackground: #293384;\n\t\t}\n\n\t\t\t\t\t\t#sb_instagram.sbi_palette_custom_4 #sbi_load .sbi_follow_btn a {\n\t\t\tbackground: #293384;\n\t\t}\n\n\t\t\t<\/style>\n\t<\/div>\n\t\t\t\t\t\t<\/div>\n\t\t\t\t<\/div>\n\t\t\t\t<\/div>\n\t\t\t\t<\/div>\n\t\t<div class=\"elementor-element elementor-element-72faf46 e-flex e-con-boxed cmsmasters-block-default e-con e-parent\" data-id=\"72faf46\" data-element_type=\"container\" data-e-type=\"container\">\n\t\t\t\t\t<div class=\"e-con-inner\">\n\t\t\t\t<div class=\"elementor-element elementor-element-3f30574 cmsmasters-button-align-justify cmsmasters-button-tablet-align-left cmsmasters-button-mobile-align-left elementor-widget-tablet__width-auto elementor-fixed cmsmasters-block-default cmsmasters-sticky-default elementor-invisible elementor-widget elementor-widget-cmsmasters-button\" data-id=\"3f30574\" data-element_type=\"widget\" data-e-type=\"widget\" data-settings=\"{&quot;_animation_delay&quot;:400,&quot;_animation&quot;:&quot;cmsmasters-fade-in-up&quot;,&quot;_position&quot;:&quot;fixed&quot;}\" data-widget_type=\"cmsmasters-button.default\">\n\t\t\t\t<div class=\"elementor-widget-container\">\n\t\t\t\t\t<div class=\"elementor-widget-cmsmasters-button__button-container\"><div class=\"elementor-widget-cmsmasters-button__button-container-inner\"><a href=\"https:\/\/istanbuleuropeanclinic.com\/de\/kontaktieren-sie-uns\/\" class=\"cmsmasters-button-link elementor-widget-cmsmasters-button__button cmsmasters-icon-view- cmsmasters-icon-shape- cmsmasters-button-size-sm\" role=\"button\" tabindex=\"0\"><span class=\"elementor-widget-cmsmasters-button__content-wrapper cmsmasters-align-icon-\"><span class=\"elementor-widget-cmsmasters-button__text\">Kostenlose Beratung<\/span><\/span><\/a><\/div><\/div>\t\t\t\t<\/div>\n\t\t\t\t<\/div>\n\t\t\t\t\t<\/div>\n\t\t\t\t<\/div>\n\t\t\t\t<\/div>\n\t\t","protected":false},"excerpt":{"rendered":"<p>Leitfaden Betrieb Unsere Beratung geht weit \u00fcber das Verfahren selbst hinaus. Wir stellen Ihnen einen klaren, schrittweisen Leitfaden zur Verf\u00fcgung, der Ihnen hilft, den gesamten chirurgischen Prozess zu verstehen &#8211; von der Vorbereitung und dem, was Sie am Tag der Operation erwartet, bis hin zur Genesung und Nachsorge &#8211; damit Sie sich in jeder Phase&#8230;<\/p>\n","protected":false},"author":4,"featured_media":0,"parent":0,"menu_order":0,"comment_status":"closed","ping_status":"closed","template":"","meta":{"_acf_changed":false,"content-type":"","footnotes":""},"class_list":["post-43863","page","type-page","status-publish","hentry"],"acf":[],"_links":{"self":[{"href":"https:\/\/istanbuleuropeanclinic.com\/de\/wp-json\/wp\/v2\/pages\/43863","targetHints":{"allow":["GET"]}}],"collection":[{"href":"https:\/\/istanbuleuropeanclinic.com\/de\/wp-json\/wp\/v2\/pages"}],"about":[{"href":"https:\/\/istanbuleuropeanclinic.com\/de\/wp-json\/wp\/v2\/types\/page"}],"author":[{"embeddable":true,"href":"https:\/\/istanbuleuropeanclinic.com\/de\/wp-json\/wp\/v2\/users\/4"}],"replies":[{"embeddable":true,"href":"https:\/\/istanbuleuropeanclinic.com\/de\/wp-json\/wp\/v2\/comments?post=43863"}],"version-history":[{"count":0,"href":"https:\/\/istanbuleuropeanclinic.com\/de\/wp-json\/wp\/v2\/pages\/43863\/revisions"}],"wp:attachment":[{"href":"https:\/\/istanbuleuropeanclinic.com\/de\/wp-json\/wp\/v2\/media?parent=43863"}],"curies":[{"name":"wp","href":"https:\/\/api.w.org\/{rel}","templated":true}]}}